{"id":4123,"date":"2022-01-03T16:25:34","date_gmt":"2022-01-03T08:25:34","guid":{"rendered":"https:\/\/www.taiwan-plisse.com\/?post_type=product&#038;p=4123"},"modified":"2022-01-06T11:43:20","modified_gmt":"2022-01-06T03:43:20","slug":"pp-pe-pleated-screen-mesh","status":"publish","type":"product","link":"https:\/\/www.taiwan-plisse.com\/es\/producto\/pp-pe-pleated-screen-mesh\/","title":{"rendered":"La tela plisada de PP-PE"},"content":{"rendered":"<p>&nbsp;<\/p>\n<table class=\"tg\">\n<thead>\n<tr>\n<th class=\"tg-5qhl\" colspan=\"2\">Especificaci\u00f3n<\/th>\n<\/tr>\n<\/thead>\n<tbody>\n<tr>\n<td class=\"tg-3w7g\">Material<\/td>\n<td class=\"tg-pnl2\">65% Interior PP y 35% exterior PE<\/td>\n<\/tr>\n<tr>\n<td class=\"tg-3w7g\">Tejido<\/td>\n<td class=\"tg-pnl2\">20 x 20 \/ inch<\/td>\n<\/tr>\n<tr>\n<td class=\"tg-3w7g\">Color<\/td>\n<td class=\"tg-pnl2\">Negro \/ Gris<\/td>\n<\/tr>\n<tr>\n<td class=\"tg-3w7g\">Hilo<\/td>\n<td class=\"tg-pnl2\">Warp 0.18 +\/- 0.01mm, Weft 0.18 +\/- 0.01mm<\/td>\n<\/tr>\n<tr>\n<td class=\"tg-3w7g\">Espesor de tela<\/td>\n<td class=\"tg-pnl2\">0.33mm +\/- 0.02<\/td>\n<\/tr>\n<tr>\n<td class=\"tg-3w7g\">Peso<\/td>\n<td class=\"tg-pnl2\">45 +\/- 2g\/m2<\/td>\n<\/tr>\n<tr>\n<td class=\"tg-3w7g\">altura de pliegue<\/td>\n<td class=\"tg-pnl2\">15mm, 20mm<\/td>\n<\/tr>\n<tr>\n<td class=\"tg-3w7g\">Available width<\/td>\n<td class=\"tg-pnl2\">Hasta 3 metros<\/td>\n<\/tr>\n<\/tbody>\n<\/table>","protected":false},"excerpt":{"rendered":"<p>1. La tela est\u00e1 hecha de hilo de PP recubierto con hilo de PE para mayor durabilidad.<br \/>\n2. La tela tiene un tratamiento de termoformado para evitar que se encoja.<br \/>\n3. Tela r\u00edgida y duradera sin deformarse despu\u00e9s de la aplicaci\u00f3n.<\/p>","protected":false},"featured_media":4124,"comment_status":"open","ping_status":"closed","template":"","meta":[],"product_brand":[],"product_cat":[90,92],"product_tag":[],"class_list":{"0":"post-4123","1":"product","2":"type-product","3":"status-publish","4":"has-post-thumbnail","6":"product_cat-insect-screen-mesh","7":"product_cat-pleated-screen-mesh","9":"first","10":"instock","11":"shipping-taxable","12":"product-type-simple"},"jetpack_sharing_enabled":true,"_links":{"self":[{"href":"https:\/\/www.taiwan-plisse.com\/es\/wp-json\/wp\/v2\/product\/4123","targetHints":{"allow":["GET"]}}],"collection":[{"href":"https:\/\/www.taiwan-plisse.com\/es\/wp-json\/wp\/v2\/product"}],"about":[{"href":"https:\/\/www.taiwan-plisse.com\/es\/wp-json\/wp\/v2\/types\/product"}],"replies":[{"embeddable":true,"href":"https:\/\/www.taiwan-plisse.com\/es\/wp-json\/wp\/v2\/comments?post=4123"}],"wp:featuredmedia":[{"embeddable":true,"href":"https:\/\/www.taiwan-plisse.com\/es\/wp-json\/wp\/v2\/media\/4124"}],"wp:attachment":[{"href":"https:\/\/www.taiwan-plisse.com\/es\/wp-json\/wp\/v2\/media?parent=4123"}],"wp:term":[{"taxonomy":"product_brand","embeddable":true,"href":"https:\/\/www.taiwan-plisse.com\/es\/wp-json\/wp\/v2\/product_brand?post=4123"},{"taxonomy":"product_cat","embeddable":true,"href":"https:\/\/www.taiwan-plisse.com\/es\/wp-json\/wp\/v2\/product_cat?post=4123"},{"taxonomy":"product_tag","embeddable":true,"href":"https:\/\/www.taiwan-plisse.com\/es\/wp-json\/wp\/v2\/product_tag?post=4123"}],"curies":[{"name":"wp","href":"https:\/\/api.w.org\/{rel}","templated":true}]}}