{"id":4130,"date":"2022-01-03T16:47:59","date_gmt":"2022-01-03T08:47:59","guid":{"rendered":"https:\/\/www.taiwan-plisse.com\/?post_type=product&#038;p=4130"},"modified":"2022-01-25T15:16:24","modified_gmt":"2022-01-25T07:16:24","slug":"pp-pe-roll-screen-mesh","status":"publish","type":"product","link":"https:\/\/www.taiwan-plisse.com\/es\/producto\/pp-pe-roll-screen-mesh\/","title":{"rendered":"La tela mosquitera enrollable de PP-PE"},"content":{"rendered":"<p>&nbsp;<\/p>\n<table class=\"tg\">\n<thead>\n<tr>\n<th class=\"tg-5qhl\" colspan=\"2\">Especificaci\u00f3n<\/th>\n<\/tr>\n<\/thead>\n<tbody>\n<tr>\n<td class=\"tg-nrix\">Material<\/td>\n<td class=\"tg-cly1\">65% Interior PP  y 35% exterior PE<\/td>\n<\/tr>\n<tr>\n<td class=\"tg-nrix\">Tejido<\/td>\n<td class=\"tg-cly1\">20 x 20 \/ inch<\/td>\n<\/tr>\n<tr>\n<td class=\"tg-nrix\">Color<\/td>\n<td class=\"tg-cly1\">Negro \/ Gris<\/td>\n<\/tr>\n<tr>\n<td class=\"tg-nrix\">Hilo<\/td>\n<td class=\"tg-cly1\">Warp 0.18 +\/- 0.01mm,\u00a0\u00a0\u00a0Weft 0.18 +\/- 0.01mm<\/td>\n<\/tr>\n<tr>\n<td class=\"tg-nrix\">Espesor de tela<\/td>\n<td class=\"tg-cly1\">0.33mm +\/- 0.02<\/td>\n<\/tr>\n<tr>\n<td class=\"tg-nrix\">Peso<\/td>\n<td class=\"tg-cly1\">45 +\/- 2g\/m2<\/td>\n<\/tr>\n<tr>\n<td class=\"tg-nrix\">largo de rollo<\/td>\n<td class=\"tg-cly1\">182.8M per roll<\/td>\n<\/tr>\n<tr>\n<td class=\"tg-nrix\">anchura disponible<\/td>\n<td class=\"tg-cly1\">0.6M up to 4.2M<\/td>\n<\/tr>\n<\/tbody>\n<\/table>","protected":false},"excerpt":{"rendered":"<p>1. La tela est\u00e1 hecha de hilo de PP recubierto con hilo de PE para mayor durabilidad.<br \/>\n2. La tela tiene un tratamiento de termoformado para evitar que se encoja.<br \/>\n3. Tela r\u00edgida y duradera sin deformarse despu\u00e9s de la aplicaci\u00f3n.<\/p>","protected":false},"featured_media":4135,"comment_status":"open","ping_status":"closed","template":"","meta":[],"product_brand":[],"product_cat":[90,91],"product_tag":[],"class_list":{"0":"post-4130","1":"product","2":"type-product","3":"status-publish","4":"has-post-thumbnail","6":"product_cat-insect-screen-mesh","7":"product_cat-roll-screen-mesh","9":"first","10":"instock","11":"shipping-taxable","12":"product-type-simple"},"jetpack_sharing_enabled":true,"_links":{"self":[{"href":"https:\/\/www.taiwan-plisse.com\/es\/wp-json\/wp\/v2\/product\/4130","targetHints":{"allow":["GET"]}}],"collection":[{"href":"https:\/\/www.taiwan-plisse.com\/es\/wp-json\/wp\/v2\/product"}],"about":[{"href":"https:\/\/www.taiwan-plisse.com\/es\/wp-json\/wp\/v2\/types\/product"}],"replies":[{"embeddable":true,"href":"https:\/\/www.taiwan-plisse.com\/es\/wp-json\/wp\/v2\/comments?post=4130"}],"wp:featuredmedia":[{"embeddable":true,"href":"https:\/\/www.taiwan-plisse.com\/es\/wp-json\/wp\/v2\/media\/4135"}],"wp:attachment":[{"href":"https:\/\/www.taiwan-plisse.com\/es\/wp-json\/wp\/v2\/media?parent=4130"}],"wp:term":[{"taxonomy":"product_brand","embeddable":true,"href":"https:\/\/www.taiwan-plisse.com\/es\/wp-json\/wp\/v2\/product_brand?post=4130"},{"taxonomy":"product_cat","embeddable":true,"href":"https:\/\/www.taiwan-plisse.com\/es\/wp-json\/wp\/v2\/product_cat?post=4130"},{"taxonomy":"product_tag","embeddable":true,"href":"https:\/\/www.taiwan-plisse.com\/es\/wp-json\/wp\/v2\/product_tag?post=4130"}],"curies":[{"name":"wp","href":"https:\/\/api.w.org\/{rel}","templated":true}]}}