{"id":4132,"date":"2022-01-03T17:05:03","date_gmt":"2022-01-03T09:05:03","guid":{"rendered":"https:\/\/www.taiwan-plisse.com\/?post_type=product&#038;p=4132"},"modified":"2022-09-02T15:11:31","modified_gmt":"2022-09-02T07:11:31","slug":"fiberglass-roll-screen-mesh","status":"publish","type":"product","link":"https:\/\/www.taiwan-plisse.com\/es\/producto\/fiberglass-roll-screen-mesh\/","title":{"rendered":"La tela mosquitera de fibra de vidrio"},"content":{"rendered":"<p>&nbsp;<\/p>\n<table class=\"tg\">\n<thead>\n<tr>\n<th class=\"tg-5qhl\" colspan=\"2\">Especificaci\u00f3n<\/th>\n<\/tr>\n<\/thead>\n<tbody>\n<tr>\n<td class=\"tg-nrix\">Material<\/td>\n<td class=\"tg-cly1\">35% Figerglass + 65%\u00a0\u00a0\u00a0PVC<\/td>\n<\/tr>\n<tr>\n<td class=\"tg-nrix\">Tejido<\/td>\n<td class=\"tg-cly1\">18 x 16, 14&#215;14,\u00a0\u00a0\u00a020&#215;20, 18&#215;18, 18&#215;14\/ inch<\/td>\n<\/tr>\n<tr>\n<td class=\"tg-nrix\">Color<\/td>\n<td class=\"tg-cly1\">Negro \/ Gris\/ Marr\u00f3n\/ Blanco<\/td>\n<\/tr>\n<tr>\n<td class=\"tg-nrix\">Espesor de tela<\/td>\n<td class=\"tg-cly1\">0.29-0.32mm<\/td>\n<\/tr>\n<tr>\n<td class=\"tg-nrix\">largo de rollo<\/td>\n<td class=\"tg-cly1\">De 30 metros hasta 300 metros<\/td>\n<\/tr>\n<tr>\n<td class=\"tg-nrix\">anchura disponible<\/td>\n<td class=\"tg-cly1\">0.6M up to 2.8M<\/td>\n<\/tr>\n<\/tbody>\n<\/table>","protected":false},"excerpt":{"rendered":"<p>La tela mosquitera de fibra de vidrio semir\u00edgida es adecuada para el proceso autom\u00e1tico de la m\u00e1quina en la producci\u00f3n de sistemas de ventanas \/ puertas y se puede utilizar en una variedad de aplicaciones de mosquitera, como mosquiteras enrollables y mosquitera fija .<\/p>","protected":false},"featured_media":4133,"comment_status":"open","ping_status":"closed","template":"","meta":[],"product_brand":[],"product_cat":[90,91],"product_tag":[],"class_list":{"0":"post-4132","1":"product","2":"type-product","3":"status-publish","4":"has-post-thumbnail","6":"product_cat-insect-screen-mesh","7":"product_cat-roll-screen-mesh","9":"first","10":"instock","11":"shipping-taxable","12":"product-type-simple"},"jetpack_sharing_enabled":true,"_links":{"self":[{"href":"https:\/\/www.taiwan-plisse.com\/es\/wp-json\/wp\/v2\/product\/4132","targetHints":{"allow":["GET"]}}],"collection":[{"href":"https:\/\/www.taiwan-plisse.com\/es\/wp-json\/wp\/v2\/product"}],"about":[{"href":"https:\/\/www.taiwan-plisse.com\/es\/wp-json\/wp\/v2\/types\/product"}],"replies":[{"embeddable":true,"href":"https:\/\/www.taiwan-plisse.com\/es\/wp-json\/wp\/v2\/comments?post=4132"}],"wp:featuredmedia":[{"embeddable":true,"href":"https:\/\/www.taiwan-plisse.com\/es\/wp-json\/wp\/v2\/media\/4133"}],"wp:attachment":[{"href":"https:\/\/www.taiwan-plisse.com\/es\/wp-json\/wp\/v2\/media?parent=4132"}],"wp:term":[{"taxonomy":"product_brand","embeddable":true,"href":"https:\/\/www.taiwan-plisse.com\/es\/wp-json\/wp\/v2\/product_brand?post=4132"},{"taxonomy":"product_cat","embeddable":true,"href":"https:\/\/www.taiwan-plisse.com\/es\/wp-json\/wp\/v2\/product_cat?post=4132"},{"taxonomy":"product_tag","embeddable":true,"href":"https:\/\/www.taiwan-plisse.com\/es\/wp-json\/wp\/v2\/product_tag?post=4132"}],"curies":[{"name":"wp","href":"https:\/\/api.w.org\/{rel}","templated":true}]}}