{"id":4139,"date":"2022-01-03T17:27:44","date_gmt":"2022-01-03T09:27:44","guid":{"rendered":"https:\/\/www.taiwan-plisse.com\/?post_type=product&#038;p=4139"},"modified":"2022-02-15T14:00:47","modified_gmt":"2022-02-15T06:00:47","slug":"screen-mesh-for-pet","status":"publish","type":"product","link":"https:\/\/www.taiwan-plisse.com\/es\/producto\/screen-mesh-for-pet\/","title":{"rendered":"Tela para mascotas"},"content":{"rendered":"<p>&nbsp;<\/p>\n<table class=\"tg\">\n<thead>\n<tr>\n<th class=\"tg-5qhl\" colspan=\"2\">Especificaci\u00f3n<\/th>\n<\/tr>\n<\/thead>\n<tbody>\n<tr>\n<td class=\"tg-nrix\">Material<\/td>\n<td class=\"tg-cly1\">100% polyester<\/td>\n<\/tr>\n<tr>\n<td class=\"tg-nrix\">Tejido<\/td>\n<td class=\"tg-cly1\">15&#215;11\/inch<\/td>\n<\/tr>\n<tr>\n<td class=\"tg-nrix\">Color<\/td>\n<td class=\"tg-cly1\">Negro<\/td>\n<\/tr>\n<tr>\n<td class=\"tg-nrix\">Espesor de tela<\/td>\n<td class=\"tg-cly1\">0.7mm<\/td>\n<\/tr>\n<tr>\n<td class=\"tg-nrix\">largo de rollo<\/td>\n<td class=\"tg-cly1\">30M<\/td>\n<\/tr>\n<tr>\n<td class=\"tg-nrix\">anchura disponible<\/td>\n<td class=\"tg-cly1\">Hasta 3 metros<\/td>\n<\/tr>\n<\/tbody>\n<\/table>","protected":false},"excerpt":{"rendered":"<p>La tela es resistente a mascotas, est\u00e1 dise\u00f1ada para evitar el da\u00f1o de nuestros perros y gatos.<\/p>","protected":false},"featured_media":4246,"comment_status":"open","ping_status":"closed","template":"","meta":[],"product_brand":[],"product_cat":[90,91],"product_tag":[],"class_list":{"0":"post-4139","1":"product","2":"type-product","3":"status-publish","4":"has-post-thumbnail","6":"product_cat-insect-screen-mesh","7":"product_cat-roll-screen-mesh","9":"first","10":"instock","11":"shipping-taxable","12":"product-type-simple"},"jetpack_sharing_enabled":true,"_links":{"self":[{"href":"https:\/\/www.taiwan-plisse.com\/es\/wp-json\/wp\/v2\/product\/4139","targetHints":{"allow":["GET"]}}],"collection":[{"href":"https:\/\/www.taiwan-plisse.com\/es\/wp-json\/wp\/v2\/product"}],"about":[{"href":"https:\/\/www.taiwan-plisse.com\/es\/wp-json\/wp\/v2\/types\/product"}],"replies":[{"embeddable":true,"href":"https:\/\/www.taiwan-plisse.com\/es\/wp-json\/wp\/v2\/comments?post=4139"}],"wp:featuredmedia":[{"embeddable":true,"href":"https:\/\/www.taiwan-plisse.com\/es\/wp-json\/wp\/v2\/media\/4246"}],"wp:attachment":[{"href":"https:\/\/www.taiwan-plisse.com\/es\/wp-json\/wp\/v2\/media?parent=4139"}],"wp:term":[{"taxonomy":"product_brand","embeddable":true,"href":"https:\/\/www.taiwan-plisse.com\/es\/wp-json\/wp\/v2\/product_brand?post=4139"},{"taxonomy":"product_cat","embeddable":true,"href":"https:\/\/www.taiwan-plisse.com\/es\/wp-json\/wp\/v2\/product_cat?post=4139"},{"taxonomy":"product_tag","embeddable":true,"href":"https:\/\/www.taiwan-plisse.com\/es\/wp-json\/wp\/v2\/product_tag?post=4139"}],"curies":[{"name":"wp","href":"https:\/\/api.w.org\/{rel}","templated":true}]}}