{"id":4141,"date":"2022-01-04T09:23:06","date_gmt":"2022-01-04T01:23:06","guid":{"rendered":"https:\/\/www.taiwan-plisse.com\/?post_type=product&#038;p=4141"},"modified":"2022-03-16T15:26:52","modified_gmt":"2022-03-16T07:26:52","slug":"cords-for-pleated-insect-screens","status":"publish","type":"product","link":"https:\/\/www.taiwan-plisse.com\/es\/producto\/cords-for-pleated-insect-screens\/","title":{"rendered":"Hilos para mosquitera de  tela plisada"},"content":{"rendered":"<p>&nbsp;<\/p>\n<table class=\"tg\">\n<thead>\n<tr>\n<th class=\"tg-5qhl\" colspan=\"2\">Especificaci\u00f3n<\/th>\n<\/tr>\n<\/thead>\n<tbody>\n<tr>\n<td class=\"tg-xwyw\">Aplicaci\u00f3n<\/td>\n<td class=\"tg-0a7q\">Mosquitera plisada para ventana y puerta<\/td>\n<\/tr>\n<tr>\n<td class=\"tg-xwyw\">Color<\/td>\n<td class=\"tg-0a7q\">Negro, Gris, Blanco<\/td>\n<\/tr>\n<tr>\n<td class=\"tg-xwyw\">medida-diametro<\/td>\n<td class=\"tg-0a7q\">0.65mm+\/-10%  hasta  1.5mm+\/-10%<\/td>\n<\/tr>\n<tr>\n<td class=\"tg-xwyw\">largo de rollo<\/td>\n<td class=\"tg-0a7q\">1000 metro \/bobina<\/td>\n<\/tr>\n<\/tbody>\n<\/table>","protected":false},"excerpt":{"rendered":"<p>Los hilos  no se estiran y tiene tensi\u00f3n,  est\u00e1n dise\u00f1ados especialmente para el sistema de mosquiteras plisadas.\nEl hilo personalizado est\u00e1 disponible.<\/p>","protected":false},"featured_media":4144,"comment_status":"open","ping_status":"closed","template":"","meta":[],"product_brand":[],"product_cat":[93],"product_tag":[],"class_list":{"0":"post-4141","1":"product","2":"type-product","3":"status-publish","4":"has-post-thumbnail","6":"product_cat-cords-for-pleated-insect-screen","8":"first","9":"instock","10":"shipping-taxable","11":"product-type-simple"},"jetpack_sharing_enabled":true,"_links":{"self":[{"href":"https:\/\/www.taiwan-plisse.com\/es\/wp-json\/wp\/v2\/product\/4141","targetHints":{"allow":["GET"]}}],"collection":[{"href":"https:\/\/www.taiwan-plisse.com\/es\/wp-json\/wp\/v2\/product"}],"about":[{"href":"https:\/\/www.taiwan-plisse.com\/es\/wp-json\/wp\/v2\/types\/product"}],"replies":[{"embeddable":true,"href":"https:\/\/www.taiwan-plisse.com\/es\/wp-json\/wp\/v2\/comments?post=4141"}],"wp:featuredmedia":[{"embeddable":true,"href":"https:\/\/www.taiwan-plisse.com\/es\/wp-json\/wp\/v2\/media\/4144"}],"wp:attachment":[{"href":"https:\/\/www.taiwan-plisse.com\/es\/wp-json\/wp\/v2\/media?parent=4141"}],"wp:term":[{"taxonomy":"product_brand","embeddable":true,"href":"https:\/\/www.taiwan-plisse.com\/es\/wp-json\/wp\/v2\/product_brand?post=4141"},{"taxonomy":"product_cat","embeddable":true,"href":"https:\/\/www.taiwan-plisse.com\/es\/wp-json\/wp\/v2\/product_cat?post=4141"},{"taxonomy":"product_tag","embeddable":true,"href":"https:\/\/www.taiwan-plisse.com\/es\/wp-json\/wp\/v2\/product_tag?post=4141"}],"curies":[{"name":"wp","href":"https:\/\/api.w.org\/{rel}","templated":true}]}}